

{"id":505,"date":"2018-10-09T10:10:18","date_gmt":"2018-10-09T08:10:18","guid":{"rendered":"http:\/\/www.pose.lu\/?page_id=505"},"modified":"2024-06-27T15:49:31","modified_gmt":"2024-06-27T13:49:31","slug":"presentation","status":"publish","type":"page","link":"https:\/\/www.pose.lu\/Lu\/presentation\/","title":{"rendered":"Presentatioun"},"content":{"rendered":"<p>[vc_row el_class=&#8221;section-full p-tb90 bg-gray&#8221; css=&#8221;.vc_custom_1539077007086{background-color: #f6f7f8 !important;}&#8221; el_id=&#8221;presentation&#8221;][vc_column width=&#8221;1\/2&#8243;]                                               <div class=\"m-about m-l50 m-r50\">\n                                <div class=\"owl-carousel about-us-carousel owl-btn-bottom-right\">\n                                                                            <div class=\"item\">\n                                            <div class=\"ow-img wt-img-effect zoom-slow\">\n                                                <a href=\"#\"><img decoding=\"async\" src=\"https:\/\/www.pose.lu\/wp-content\/uploads\/2019\/06\/Image1-2-7.jpg\" alt=\"\"><\/a>\n                                            <\/div>\n                                        <\/div>\n                                                                            <div class=\"item\">\n                                            <div class=\"ow-img wt-img-effect zoom-slow\">\n                                                <a href=\"#\"><img decoding=\"async\" src=\"https:\/\/www.pose.lu\/wp-content\/uploads\/2019\/06\/Store-venitien-1-2-1.jpg\" alt=\"\"><\/a>\n                                            <\/div>\n                                        <\/div>\n                                                                            <div class=\"item\">\n                                            <div class=\"ow-img wt-img-effect zoom-slow\">\n                                                <a href=\"#\"><img decoding=\"async\" src=\"https:\/\/www.pose.lu\/wp-content\/uploads\/2019\/06\/Stores-Rolo-4-2.jpg\" alt=\"\"><\/a>\n                                            <\/div>\n                                        <\/div>\n                                                                            <div class=\"item\">\n                                            <div class=\"ow-img wt-img-effect zoom-slow\">\n                                                <a href=\"#\"><img decoding=\"async\" src=\"https:\/\/www.pose.lu\/wp-content\/uploads\/2019\/06\/Image1-2-1.jpg\" alt=\"\"><\/a>\n                                            <\/div>\n                                        <\/div>\n                                                                       <\/div>\n                               <\/div>\n                              [\/vc_column][vc_column width=&#8221;1\/2&#8243; el_class=&#8221;presentation-text-block&#8221;][vc_column_text]<\/p>\n<h1>POSE.LU ASS DE SPECIALIST :<\/h1>\n<p>[\/vc_column_text][vc_column_text]<\/p>\n<ul class=\"presentation-list\">\n<li><strong>FIR D&#8217;REPARATUUR VUN ROLLLUEDEN<\/strong><\/li>\n<li><strong>VUN EXTERNEN AN INTERNEN JALOUSIEN<\/strong><\/li>\n<li><strong>VUN SEITLECHEN MARKISEN<\/strong><\/li>\n<li><strong>VUN PLISS\u00c9S FIR VERANDA AN FENSTEREN<\/strong><\/li>\n<li><strong>VUN RAFFROLOS<\/strong><\/li>\n<li><strong>VUN JAPANESCH WAEND<\/strong><\/li>\n<li><strong>VUN RIDOEN<\/strong><\/li>\n<li><strong>VUN MOUSTIQUAIRES<\/strong><\/li>\n<\/ul>\n<p>[\/vc_column_text][vc_column_text]Mir bidden Iech och qualitativ h\u00e9ichw\u00e4erteg Produkter op Mooss am Ber\u00e4ich vun externen Jalousie an Insekteschutz.[\/vc_column_text][\/vc_column][\/vc_row][vc_row][vc_column]                   \n            <div class=\"section-full p-tb90 square_shape1\">\n            \n                <!-- GALLERY CONTENT START -->\n                  <div class=\"container\">\n                    <div class=\"news-listing \">\n                                                   <div class=\"blog-post blog-md date-style-1 clearfix \" >\n                                <div class=\"wt-post-media wt-img-effect zoom-slow\">\n                                    <a href=\"https:\/\/www.pose.lu\/Lu\/jalousies-stores-venitiens\/\"><img decoding=\"async\" src=\"https:\/\/www.pose.lu\/wp-content\/uploads\/2018\/10\/Stores-plisses-2-2.jpg\" alt=\"\"><\/a>\n                                <\/div>\n                                <div class=\"wt-post-info p-tb30 text-black\">\n                                    <div class=\"wt-post-title \">\n                                        <h2 class=\"post-title\"><a href=\"https:\/\/www.pose.lu\/Lu\/jalousies-stores-venitiens\/\" class=\"text-black font-17 letter-spacing-4 font-weight-600\">Jalousien \u2013 Stores v\u00e9nitiens<\/a><\/h2>\n                                    <\/div>\n                                    <div class=\"wt-post-text\">\n                                                                                <p><p>Jalousie fir elegant Luuchtkontrolle. De Klassiker \u00ebnner Sonneschutzsystemer faszin\u00e9iert \u00ebmmer. A kuerzer Z\u00e4it kritt Dir optimal Beliichtungsbed\u00e9ngungen an \u00c4rem Wunnz\u00ebmmer, gl\u00e4ichz\u00e4iteg sch\u00fctzt Dir Iech viru virw\u00ebtzeg Aen. Mat hire ville Faarwen\/Muster, d\u00e9i an Aluminium, Holz, Lieder oder duerchscheinend Plastik verf\u00fcgbar sinn, kre\u00e9ieren Jalousie modernen Akzenter an adapt\u00e9ieren un all Miwwelstil.<\/p>\n<\/p>\n                                    <\/div>\n                                                                    <\/div>\n                            <\/div> \n                                                         <div class=\"blog-post blog-md date-style-1 clearfix \" >\n                                <div class=\"wt-post-media wt-img-effect zoom-slow\">\n                                    <a href=\"https:\/\/www.pose.lu\/Lu\/adaptes-a-toutes-les-situations\/\"><img decoding=\"async\" src=\"https:\/\/www.pose.lu\/wp-content\/uploads\/2018\/10\/Image4-2.jpg\" alt=\"\"><\/a>\n                                <\/div>\n                                <div class=\"wt-post-info p-tb30 text-black\">\n                                    <div class=\"wt-post-title \">\n                                        <h2 class=\"post-title\"><a href=\"https:\/\/www.pose.lu\/Lu\/adaptes-a-toutes-les-situations\/\" class=\"text-black font-17 letter-spacing-4 font-weight-600\">G\u00ebeegent fir all Situatiounen<\/a><\/h2>\n                                    <\/div>\n                                    <div class=\"wt-post-text\">\n                                                                                <p><p>Besonnesch gespannte Forme bidden m\u00e9iglech L\u00e9isunge fir bal all F\u00ebnstervarianten, vu Trapezium bis Hexagon. Spannungssystemer mat Seilguiden individuell un all F\u00ebnsterform a Gr\u00e9isst ugepasst garant\u00e9ieren perfekt Operatioun. Ob am Wantergaard, fir trapezoidal F\u00ebnsteren oder all aner aussergew\u00e9inlech Strukturen. KADECO pliss\u00e9iert Jalousie si fir Leit mat aussergew\u00e9inlechen Iddien.<\/p>\n<\/p>\n                                    <\/div>\n                                                                    <\/div>\n                            <\/div> \n                                                         <div class=\"blog-post blog-md date-style-1 clearfix \" >\n                                <div class=\"wt-post-media wt-img-effect zoom-slow\">\n                                    <a href=\"https:\/\/www.pose.lu\/Lu\/tissus-rigides-parois-japonaises\/\"><img decoding=\"async\" src=\"https:\/\/www.pose.lu\/wp-content\/uploads\/2018\/10\/Parois-japonaises-2-2.jpg\" alt=\"\"><\/a>\n                                <\/div>\n                                <div class=\"wt-post-info p-tb30 text-black\">\n                                    <div class=\"wt-post-title \">\n                                        <h2 class=\"post-title\"><a href=\"https:\/\/www.pose.lu\/Lu\/tissus-rigides-parois-japonaises\/\" class=\"text-black font-17 letter-spacing-4 font-weight-600\">Steife Stoffer -Parois japonaises<\/a><\/h2>\n                                    <\/div>\n                                    <div class=\"wt-post-text\">\n                                                                                <p><p>Steife Stoffer bidden e propperen, modernen Look. Si sinn an der Kollektioun vu Luxaflex Roller Blinds abegraff. Dir k\u00ebnnt also Textil Sliding Panels a Roller Jalousie am selwechte Raum kombin\u00e9ieren. D&#8217;Prints, d\u00e9i fir d&#8217;EXPRESSION Gamme ausgewielt ginn, sinn inspir\u00e9iert vun der Natur a Geometrie a sinn a verschiddene Faarwen verf\u00fcgbar. Fir d&#8217;Originalit\u00e9it, firwat net e gedr\u00e9ckte Panel mat engem einfache Panel ze koppelen?<\/p>\n<\/p>\n                                    <\/div>\n                                                                    <\/div>\n                            <\/div> \n                                                         <div class=\"blog-post blog-md date-style-1 clearfix \" >\n                                <div class=\"wt-post-media wt-img-effect zoom-slow\">\n                                    <a href=\"https:\/\/www.pose.lu\/Lu\/tissus-souples-stores-bateaux\/\"><img decoding=\"async\" src=\"https:\/\/www.pose.lu\/wp-content\/uploads\/2018\/10\/Stores-plisses-4-2.jpg\" alt=\"\"><\/a>\n                                <\/div>\n                                <div class=\"wt-post-info p-tb30 text-black\">\n                                    <div class=\"wt-post-title \">\n                                        <h2 class=\"post-title\"><a href=\"https:\/\/www.pose.lu\/Lu\/tissus-souples-stores-bateaux\/\" class=\"text-black font-17 letter-spacing-4 font-weight-600\">Soft Stoffer &#8211; R\u00e9imesch Jalousie<\/a><\/h2>\n                                    <\/div>\n                                    <div class=\"wt-post-text\">\n                                                                                <p><p>D&#8217;Paneele vun de m\u00ebllen Stoffer gi mat engem Saum op de Kanten gemaach a sinn eng modern Variatioun op d\u00e9i traditionell Ridoen. Dir k\u00ebnnt aus verschiddene Transparenzniveauen wielen. E puer m\u00ebll Stoffer sinn och an der Luraflex Textil Jalousie Sammlung abegraff, sou datt Dir \u00c4r F\u00ebnstere matenee harmonis\u00e9iere k\u00ebnnt, w\u00e4hrend d&#8217;Jalousie am Raum vari\u00e9iert.<\/p>\n<\/p>\n                                    <\/div>\n                                                                    <\/div>\n                            <\/div> \n                                                                                                                                           \n                        <\/div>     \n                                 \n                <\/div>\n            <\/div>\n      [\/vc_column][\/vc_row]<\/p>","protected":false},"excerpt":{"rendered":"<p>[vc_row el_class=&#8221;section-full p-tb90 bg-gray&#8221; css=&#8221;.vc_custom_1539077007086{background-color: #f6f7f8 !important;}&#8221; el_id=&#8221;presentation&#8221;][vc_column width=&#8221;1\/2&#8243;][\/vc_column][vc_column width=&#8221;1\/2&#8243; el_class=&#8221;presentation-text-block&#8221;][vc_column_text] POSE.LU ASS DE SPECIALIST : [\/vc_column_text][vc_column_text] FIR D&#8217;REPARATUUR VUN ROLLLUEDEN VUN EXTERNEN AN INTERNEN JALOUSIEN VUN SEITLECHEN MARKISEN VUN PLISS\u00c9S FIR VERANDA AN FENSTEREN VUN RAFFROLOS VUN JAPANESCH WAEND VUN RIDOEN VUN MOUSTIQUAIRES [\/vc_column_text][vc_column_text]Mir bidden Iech och qualitativ h\u00e9ichw\u00e4erteg Produkter op Mooss am Ber\u00e4ich [&hellip;]<\/p>\n","protected":false},"author":1,"featured_media":0,"parent":0,"menu_order":0,"comment_status":"closed","ping_status":"closed","template":"template\/page-detail.php","meta":{"footnotes":""},"class_list":["post-505","page","type-page","status-publish","hentry"],"_links":{"self":[{"href":"https:\/\/www.pose.lu\/Lu\/wp-json\/wp\/v2\/pages\/505","targetHints":{"allow":["GET"]}}],"collection":[{"href":"https:\/\/www.pose.lu\/Lu\/wp-json\/wp\/v2\/pages"}],"about":[{"href":"https:\/\/www.pose.lu\/Lu\/wp-json\/wp\/v2\/types\/page"}],"author":[{"embeddable":true,"href":"https:\/\/www.pose.lu\/Lu\/wp-json\/wp\/v2\/users\/1"}],"replies":[{"embeddable":true,"href":"https:\/\/www.pose.lu\/Lu\/wp-json\/wp\/v2\/comments?post=505"}],"version-history":[{"count":25,"href":"https:\/\/www.pose.lu\/Lu\/wp-json\/wp\/v2\/pages\/505\/revisions"}],"predecessor-version":[{"id":803,"href":"https:\/\/www.pose.lu\/Lu\/wp-json\/wp\/v2\/pages\/505\/revisions\/803"}],"wp:attachment":[{"href":"https:\/\/www.pose.lu\/Lu\/wp-json\/wp\/v2\/media?parent=505"}],"curies":[{"name":"wp","href":"https:\/\/api.w.org\/{rel}","templated":true}]}}